{"id":569,"date":"2024-02-20T09:09:52","date_gmt":"2024-02-20T08:09:52","guid":{"rendered":"https:\/\/baranain.ika.eus\/?page_id=569"},"modified":"2024-03-07T16:01:35","modified_gmt":"2024-03-07T15:01:35","slug":"sobre-nosotros","status":"publish","type":"page","link":"https:\/\/baranain.ika.eus\/es\/sobre-nosotros\/","title":{"rendered":"Sobre nosotros"},"content":{"rendered":"<section class=\"l-section wpb_row height_medium\"><div class=\"l-section-h i-cf\"><div class=\"g-cols vc_row via_flex valign_top type_default stacking_default\"><div class=\"vc_col-sm-12 wpb_column vc_column_container\"><div class=\"vc_column-inner\"><div class=\"wpb_wrapper\">[vc_custom_heading text=\u00bbHistoria\u00bb use_theme_fonts=\u00bbyes\u00bb]<\/div><\/div><\/div><\/div><\/div><\/section><section class=\"l-section wpb_row us_custom_b992cee1 height_medium\"><div class=\"l-section-h i-cf\"><div class=\"g-cols vc_row via_flex valign_top type_default stacking_default\"><div class=\"vc_col-sm-6 wpb_column vc_column_container\"><div class=\"vc_column-inner\"><div class=\"wpb_wrapper\"><div class=\"wpb_text_column\"><div class=\"wpb_wrapper\"><p><strong><span class=\"Linkify\">El euskaltegi Sahats de Bara\u00f1\u00e1in comenz\u00f3 su andadura en el curso 1975-1976 por iniciativa del euskaltegi Arturo Campion de Pamplona.<\/span><\/strong><\/p>\n<p><span class=\"Linkify\">En aquella \u00e9poca ambos eran miembros de AEK, la Coordinadora de Alfabetizaci\u00f3n y Euskaldunizaci\u00f3n. As\u00ed siguieron hasta junio de 1989, cuando dejaron de formar parte de esta estructura, junto con otros centros de AEK en Navarra por discrepancias sobre el funcionamiento interno de dicha coordinadora.<\/span><\/p>\n<p><span class=\"Linkify\">Los centros expulsados aquel a\u00f1o, junto a aquellos de Vitoria y Rioja Alavesa que decidieron salir de AEK, crearon IKA: la coordinadora de nuestros euskalteguis en Navarra y \u00c1lava. El euskaltegui Sahats de Bara\u00f1\u00e1in constituy\u00f3 la Asociaci\u00f3n Cultural Sahats y, en 2007, la que fuera asociaci\u00f3n cultural se convirti\u00f3 en la Fundaci\u00f3n Sahats.<\/span><\/p>\n<\/div><\/div><\/div><\/div><\/div><div class=\"vc_col-sm-6 wpb_column vc_column_container\"><div class=\"vc_column-inner\"><div class=\"wpb_wrapper\"><div class=\"w-image has_ratio align_none\"><div class=\"w-image-h\"><div style=\"padding-bottom:75%\"><\/div><img decoding=\"async\" width=\"1000\" height=\"557\" src=\"https:\/\/baranain.ika.eus\/wp-content\/uploads\/sites\/3\/2024\/03\/Guri-buruz.png\" class=\"attachment-full size-full\" alt=\"\" loading=\"lazy\" \/><\/div><\/div><\/div><\/div><\/div><\/div><\/div><\/section>\n","protected":false},"excerpt":{"rendered":"[vc_custom_heading text=\"Historia\" use_theme_fonts=\"yes\"]El euskaltegi Sahats de Bara\u00f1\u00e1in comenz\u00f3 su andadura en el curso 1975-1976 por iniciativa del euskaltegi Arturo Campion de Pamplona. En aquella \u00e9poca ambos eran miembros de AEK, la Coordinadora de Alfabetizaci\u00f3n y Euskaldunizaci\u00f3n. As\u00ed siguieron hasta junio de 1989, cuando dejaron de formar parte de esta estructura, junto con otros centros de...","protected":false},"author":1,"featured_media":0,"parent":0,"menu_order":0,"comment_status":"closed","ping_status":"closed","template":"","meta":{"_acf_changed":false,"footnotes":""},"class_list":["post-569","page","type-page","status-publish","hentry"],"acf":[],"_links":{"self":[{"href":"https:\/\/baranain.ika.eus\/es\/wp-json\/wp\/v2\/pages\/569","targetHints":{"allow":["GET"]}}],"collection":[{"href":"https:\/\/baranain.ika.eus\/es\/wp-json\/wp\/v2\/pages"}],"about":[{"href":"https:\/\/baranain.ika.eus\/es\/wp-json\/wp\/v2\/types\/page"}],"author":[{"embeddable":true,"href":"https:\/\/baranain.ika.eus\/es\/wp-json\/wp\/v2\/users\/1"}],"replies":[{"embeddable":true,"href":"https:\/\/baranain.ika.eus\/es\/wp-json\/wp\/v2\/comments?post=569"}],"version-history":[{"count":4,"href":"https:\/\/baranain.ika.eus\/es\/wp-json\/wp\/v2\/pages\/569\/revisions"}],"predecessor-version":[{"id":654,"href":"https:\/\/baranain.ika.eus\/es\/wp-json\/wp\/v2\/pages\/569\/revisions\/654"}],"wp:attachment":[{"href":"https:\/\/baranain.ika.eus\/es\/wp-json\/wp\/v2\/media?parent=569"}],"curies":[{"name":"wp","href":"https:\/\/api.w.org\/{rel}","templated":true}]}}