{"id":567,"date":"2024-02-20T09:11:25","date_gmt":"2024-02-20T08:11:25","guid":{"rendered":"https:\/\/baranain.ika.eus\/?page_id=567"},"modified":"2024-06-19T13:15:15","modified_gmt":"2024-06-19T12:15:15","slug":"rincon-del-alumno","status":"publish","type":"page","link":"https:\/\/baranain.ika.eus\/es\/rincon-del-alumno\/","title":{"rendered":"Rinc\u00f3n del alumno"},"content":{"rendered":"<section class=\"l-section wpb_row height_medium\"><div class=\"l-section-h i-cf\"><div class=\"g-cols vc_row via_flex valign_top type_default stacking_default\"><div class=\"vc_col-sm-2 wpb_column vc_column_container\"><div class=\"vc_column-inner\"><div class=\"wpb_wrapper\"><div class=\"w-ibanner us_custom_cf9a6ac1 has_text_color animation_nike ratio_1x1 easing_ease\"><a title=\"Deskontuak eta dirulaguntzak\" href=\"\/es\/rincon-del-alumno\/\" aria-label=\"Rinc\u00f3n del alumno\"><\/a><div class=\"w-ibanner-h\"><div class=\"w-ibanner-image\" style=\"background-image: url(https:\/\/baranain.ika.eus\/wp-content\/uploads\/sites\/3\/2024\/03\/Ikasleen-txokoa.png)\"><\/div><div class=\"w-ibanner-content\"><div class=\"w-ibanner-content-h\"><h3 class=\"w-ibanner-title\" style=\"font-size:1.5rem;\">Rinc\u00f3n del alumno<\/h3><div class=\"w-ibanner-desc\"><\/div><\/div><\/div><\/div><\/div><\/div><\/div><\/div><div class=\"vc_col-sm-10 wpb_column vc_column_container\"><div class=\"vc_column-inner\"><div class=\"wpb_wrapper\"><div class=\"w-separator size_small\"><\/div><div class=\"w-btn-wrapper align_none\"><a class=\"w-btn us-btn-style_4\" href=\"\/es\/calendario\/\"><span class=\"w-btn-label\">CALENDARIO<\/span><\/a><\/div><div class=\"w-btn-wrapper align_none\"><a class=\"w-btn us-btn-style_4\" href=\"\/es\/sugerencias\/\"><span class=\"w-btn-label\">SUGERENCIAS<\/span><\/a><\/div><\/div><\/div><\/div><\/div><\/div><\/section><section class=\"l-section wpb_row us_custom_50990817 height_large\"><div class=\"l-section-h i-cf\"><div class=\"g-cols vc_row via_flex valign_top type_default stacking_default\"><div class=\"vc_col-sm-12 wpb_column vc_column_container\"><div class=\"vc_column-inner\"><div class=\"wpb_wrapper\">[vc_custom_heading text=\u00bb\u00daLTIMOS (GALER\u00cdAS FOTOGR\u00c1FICAS, ART\u00cdCULOS&#8230;)\u00bb use_theme_fonts=\u00bbyes\u00bb]<div class=\"w-separator size_small\"><\/div><div class=\"w-grid us_grid type_grid layout_351 cols_3 overflow_hidden preload_style_spinner\" id=\"us_grid_1\" style=\"--columns:3;--gap:1.5rem;\" data-filterable=\"true\"><style>@media (max-width:1024px){#us_grid_1{--columns:2!important}}@media (max-width:600px){#us_grid_1{--columns:1!important}}.layout_351 .w-grid-item-h{color:#222222;border-radius:0rem}.layout_351 .usg_post_image_1{margin-bottom:1rem!important}.layout_351 .usg_post_title_1{color:#222222!important;font-size:1.6rem!important;font-weight:700!important;text-transform:uppercase!important}.layout_351 .usg_vwrapper_1{margin-top:2rem!important}.layout_351 .usg_hwrapper_1{color:var(--color-content-faded)!important;font-size:0.9rem!important}.layout_351 .usg_post_date_1{color:#FFD500!important}.layout_351 .usg_btn_1{margin-top:1.5rem!important}@media (max-width:600px){.layout_351 .usg_post_title_1{font-size:1.2rem!important}}<\/style><div class=\"w-grid-list\">\t<article class=\"w-grid-item size_1x1 post-765 post type-post status-publish format-standard has-post-thumbnail hentry category-sin-categorizar\" data-id=\"765\">\r\n\t\t<div class=\"w-grid-item-h\">\r\n\t\t\t\t\t\t<div class=\"w-post-elm post_image usg_post_image_1 stretched\"><a href=\"https:\/\/baranain.ika.eus\/es\/2025\/03\/24\/primavera\/\" aria-label=\"ACTIVIDADES PRIMAVERA\"><img loading=\"lazy\" decoding=\"async\" width=\"724\" height=\"1024\" src=\"https:\/\/baranain.ika.eus\/wp-content\/uploads\/sites\/3\/2025\/03\/Udaberriko-ekitaldi-sorta-2025-2-724x1024.png\" class=\"attachment-large size-large wp-post-image\" alt=\"\" srcset=\"https:\/\/baranain.ika.eus\/wp-content\/uploads\/sites\/3\/2025\/03\/Udaberriko-ekitaldi-sorta-2025-2-724x1024.png 724w, https:\/\/baranain.ika.eus\/wp-content\/uploads\/sites\/3\/2025\/03\/Udaberriko-ekitaldi-sorta-2025-2-212x300.png 212w, https:\/\/baranain.ika.eus\/wp-content\/uploads\/sites\/3\/2025\/03\/Udaberriko-ekitaldi-sorta-2025-2.png 1414w\" sizes=\"auto, (max-width: 724px) 100vw, 724px\" \/><\/a><\/div><div class=\"w-vwrapper usg_vwrapper_1\"><h2 class=\"w-post-elm post_title usg_post_title_1 has_text_color entry-title color_link_inherit\"><a href=\"https:\/\/baranain.ika.eus\/es\/2025\/03\/24\/primavera\/\">ACTIVIDADES PRIMAVERA<\/a><\/h2><div class=\"w-hwrapper usg_hwrapper_1 has_text_color wrap\"><time class=\"w-post-elm post_date usg_post_date_1 has_text_color entry-date published\" datetime=\"2025-03-24T08:51:42+01:00\">2025\/03\/24<\/time><\/div><\/div><a class=\"w-btn us-btn-style_4 usg_btn_1\" href=\"https:\/\/baranain.ika.eus\/es\/2025\/03\/24\/primavera\/\"><span class=\"w-btn-label\">LEER M\u00c1S ><\/span><\/a>\t\t<\/div>\r\n\t\t\t<\/article>\r\n<\/div>\t<div class=\"w-grid-preloader\">\r\n\t\t<div class=\"g-preloader type_1\">\r\n\t\t\t<div><\/div>\r\n\t\t<\/div>\r\n\t<\/div>\r\n\t\t<div class=\"w-grid-json hidden\" onclick='return {&quot;action&quot;:&quot;us_ajax_grid&quot;,&quot;infinite_scroll&quot;:0,&quot;max_num_pages&quot;:1,&quot;pagination&quot;:&quot;none&quot;,&quot;template_vars&quot;:{&quot;columns&quot;:&quot;3&quot;,&quot;exclude_items&quot;:&quot;none&quot;,&quot;img_size&quot;:&quot;default&quot;,&quot;ignore_items_size&quot;:0,&quot;items_layout&quot;:&quot;351&quot;,&quot;items_offset&quot;:&quot;1&quot;,&quot;load_animation&quot;:&quot;none&quot;,&quot;overriding_link&quot;:&quot;%7B%22url%22%3A%22%22%7D&quot;,&quot;post_id&quot;:0,&quot;query_args&quot;:{&quot;post_type&quot;:[&quot;post&quot;],&quot;post_status&quot;:[&quot;publish&quot;,&quot;acf-disabled&quot;],&quot;posts_per_page&quot;:&quot;3&quot;},&quot;orderby_query_args&quot;:{&quot;orderby&quot;:{&quot;date&quot;:&quot;DESC&quot;}},&quot;type&quot;:&quot;grid&quot;,&quot;us_grid_post_type&quot;:&quot;post&quot;,&quot;us_grid_ajax_index&quot;:1,&quot;us_grid_filter_query_string&quot;:null,&quot;us_grid_index&quot;:1,&quot;page_args&quot;:[],&quot;lang&quot;:&quot;es&quot;}}'><\/div>\r\n\t<\/div><\/div><\/div><\/div><\/div><\/div><\/section>\n","protected":false},"excerpt":{"rendered":"","protected":false},"author":1,"featured_media":0,"parent":0,"menu_order":0,"comment_status":"closed","ping_status":"closed","template":"","meta":{"_acf_changed":false,"footnotes":""},"class_list":["post-567","page","type-page","status-publish","hentry"],"acf":[],"_links":{"self":[{"href":"https:\/\/baranain.ika.eus\/es\/wp-json\/wp\/v2\/pages\/567","targetHints":{"allow":["GET"]}}],"collection":[{"href":"https:\/\/baranain.ika.eus\/es\/wp-json\/wp\/v2\/pages"}],"about":[{"href":"https:\/\/baranain.ika.eus\/es\/wp-json\/wp\/v2\/types\/page"}],"author":[{"embeddable":true,"href":"https:\/\/baranain.ika.eus\/es\/wp-json\/wp\/v2\/users\/1"}],"replies":[{"embeddable":true,"href":"https:\/\/baranain.ika.eus\/es\/wp-json\/wp\/v2\/comments?post=567"}],"version-history":[{"count":4,"href":"https:\/\/baranain.ika.eus\/es\/wp-json\/wp\/v2\/pages\/567\/revisions"}],"predecessor-version":[{"id":782,"href":"https:\/\/baranain.ika.eus\/es\/wp-json\/wp\/v2\/pages\/567\/revisions\/782"}],"wp:attachment":[{"href":"https:\/\/baranain.ika.eus\/es\/wp-json\/wp\/v2\/media?parent=567"}],"curies":[{"name":"wp","href":"https:\/\/api.w.org\/{rel}","templated":true}]}}