{"id":553,"date":"2024-02-20T09:10:15","date_gmt":"2024-02-20T08:10:15","guid":{"rendered":"https:\/\/baranain.ika.eus\/?page_id=553"},"modified":"2024-06-19T13:16:45","modified_gmt":"2024-06-19T12:16:45","slug":"cursos-presenciales","status":"publish","type":"page","link":"https:\/\/baranain.ika.eus\/es\/cursos-presenciales\/","title":{"rendered":"Cursos presenciales"},"content":{"rendered":"<section class=\"l-section wpb_row height_medium\"><div class=\"l-section-h i-cf\"><div class=\"g-cols vc_row via_flex valign_top type_default stacking_default\"><div class=\"vc_col-sm-8 wpb_column vc_column_container\"><div class=\"vc_column-inner\"><div class=\"wpb_wrapper\"><div class=\"wpb_text_column\"><div class=\"wpb_wrapper\"><p><span class=\"Linkify\">Nuestra principal actividad laboral es la euskaldunizaci\u00f3n de personas adultas. Hace unos 50 a\u00f1os que venimos haci\u00e9ndolo y ofrecemos cursos para todos los niveles. 8 horas semanales, de lunes a jueves con sesiones de dos horas diarias, por la ma\u00f1ana, por la tarde y por la noche. Existe la posibilidad de alternar el horario de asistencia a clase. El nivel de euskera del alumno o alumna, los horarios, la motivaci\u00f3n, la adaptaci\u00f3n al resto de compa\u00f1eros y compa\u00f1eras, as\u00ed como otros factores, se tienen en cuenta a la hora de elaborar los grupos y decidir en cu\u00e1l se integra cada alumno o alumna. Intentamos formar los grupos m\u00e1s homog\u00e9neos posibles. Los cursos suelen durar unas 260 horas. Nos basamos en una metodolog\u00eda comunicativa. \u00bfQu\u00e9 es eso? El objetivo siempre es comunicarse en euskera, de la manera m\u00e1s amena y din\u00e1mica, y aprender hablando desde el primer momento para que el alumno se exprese en euskera dentro y fuera del propio euskaltegui.<\/span><\/p>\n<\/div><\/div><\/div><\/div><\/div><div class=\"vc_col-sm-4 wpb_column vc_column_container\"><div class=\"vc_column-inner\"><div class=\"wpb_wrapper\"><div class=\"w-image has_ratio align_none\"><div class=\"w-image-h\"><div style=\"padding-bottom:100%\"><\/div><img decoding=\"async\" width=\"1024\" height=\"682\" src=\"https:\/\/baranain.ika.eus\/wp-content\/uploads\/sites\/3\/2024\/06\/Aurrez-aurreko-ikastaroa-1024x682.jpeg\" class=\"attachment-large size-large\" alt=\"\" loading=\"lazy\" \/><\/div><\/div><\/div><\/div><\/div><\/div><\/div><\/section>\n","protected":false},"excerpt":{"rendered":"Nuestra principal actividad laboral es la euskaldunizaci\u00f3n de personas adultas. Hace unos 50 a\u00f1os que venimos haci\u00e9ndolo y ofrecemos cursos para todos los niveles. 8 horas semanales, de lunes a jueves con sesiones de dos horas diarias, por la ma\u00f1ana, por la tarde y por la noche. Existe la posibilidad de alternar el horario de...","protected":false},"author":1,"featured_media":0,"parent":0,"menu_order":0,"comment_status":"closed","ping_status":"closed","template":"","meta":{"_acf_changed":false,"footnotes":""},"class_list":["post-553","page","type-page","status-publish","hentry"],"acf":[],"_links":{"self":[{"href":"https:\/\/baranain.ika.eus\/es\/wp-json\/wp\/v2\/pages\/553","targetHints":{"allow":["GET"]}}],"collection":[{"href":"https:\/\/baranain.ika.eus\/es\/wp-json\/wp\/v2\/pages"}],"about":[{"href":"https:\/\/baranain.ika.eus\/es\/wp-json\/wp\/v2\/types\/page"}],"author":[{"embeddable":true,"href":"https:\/\/baranain.ika.eus\/es\/wp-json\/wp\/v2\/users\/1"}],"replies":[{"embeddable":true,"href":"https:\/\/baranain.ika.eus\/es\/wp-json\/wp\/v2\/comments?post=553"}],"version-history":[{"count":3,"href":"https:\/\/baranain.ika.eus\/es\/wp-json\/wp\/v2\/pages\/553\/revisions"}],"predecessor-version":[{"id":785,"href":"https:\/\/baranain.ika.eus\/es\/wp-json\/wp\/v2\/pages\/553\/revisions\/785"}],"wp:attachment":[{"href":"https:\/\/baranain.ika.eus\/es\/wp-json\/wp\/v2\/media?parent=553"}],"curies":[{"name":"wp","href":"https:\/\/api.w.org\/{rel}","templated":true}]}}