{"id":544,"date":"2024-02-09T08:51:42","date_gmt":"2024-02-09T07:51:42","guid":{"rendered":"https:\/\/baranain.ika.eus\/?page_id=544"},"modified":"2025-06-23T17:20:58","modified_gmt":"2025-06-23T16:20:58","slug":"inicio","status":"publish","type":"page","link":"https:\/\/baranain.ika.eus\/es\/","title":{"rendered":"Inicio"},"content":{"rendered":"<section class=\"l-section wpb_row height_auto width_full\"><div class=\"l-section-h i-cf\"><div class=\"g-cols vc_row via_flex valign_top type_default stacking_default\"><div class=\"vc_col-sm-12 wpb_column vc_column_container\"><div class=\"vc_column-inner\"><div class=\"wpb_wrapper\"><div class=\"w-grid us_carousel hide_on_mobiles type_carousel layout_638 overflow_hidden preload_style_spinner\" id=\"us_grid_1\"><style>.layout_638 .w-grid-item-h{background:#FFD500;border-radius:0.3rem;box-shadow:0 0.03rem 0.06rem rgba(0,0,0,0.1),0 0.1rem 0.3rem rgba(0,0,0,0.1);transition-duration:0.3s}.no-touch .layout_638 .w-grid-item-h:hover{box-shadow:0 0.12rem 0.24rem rgba(0,0,0,0.1),0 0.4rem 1.2rem rgba(0,0,0,0.15);z-index:4}.layout_638 .usg_post_image_1{transition-duration:0.3s;transform-origin:50% 50%;transform:scale(1) translate(0%,0%)}.layout_638 .w-grid-item-h:focus-within .usg_post_image_1,.layout_638 .w-grid-item-h:hover .usg_post_image_1{transform:scale(1.1) translate(0%,0%);opacity:1}.layout_638 .usg_vwrapper_1{position:absolute!important;left:0!important;bottom:0!important;right:0!important;padding:15% 7% 1% 7%!important}.layout_638 .usg_post_content_1{color:#ffffff!important;text-align:center!important;font-size:1.4rem!important}<\/style><div class=\"w-grid-list owl-carousel valign_stretch dotstyle_circle navstyle_circle arrows-ver-pos_middle arrows-hor-pos_on_sides_inside arrows-disabled_hide owl-responsive-2000 autoheight with_dots with_arrows\" style=\"--transition-duration:350ms;--arrows-size:1.5rem;--arrows-hor-offset:calc(0px - 0px);--arrows-gap:10px;\">\t<article class=\"w-grid-item post-886 karrusela type-karrusela status-publish has-post-thumbnail hentry\" data-id=\"886\">\r\n\t\t<div class=\"w-grid-item-h\">\r\n\t\t\t\t\t\t\t<a href=\"https:\/\/baranain.ika.eus\/es\/curso-2025-2026\/\" class=\"w-grid-item-anchor\" aria-label=\"CURSO 2025-2026\"><\/a>\r\n\t\t\t\t\t\t<div class=\"w-post-elm post_image usg_post_image_1 stretched\"><img loading=\"lazy\" decoding=\"async\" width=\"1024\" height=\"347\" src=\"https:\/\/baranain.ika.eus\/wp-content\/uploads\/sites\/3\/2024\/09\/AF-Banner-web-ika-burutu-1024x347.png\" class=\"attachment-large size-large wp-post-image\" alt=\"\" srcset=\"https:\/\/baranain.ika.eus\/wp-content\/uploads\/sites\/3\/2024\/09\/AF-Banner-web-ika-burutu-1024x347.png 1024w, https:\/\/baranain.ika.eus\/wp-content\/uploads\/sites\/3\/2024\/09\/AF-Banner-web-ika-burutu-300x102.png 300w\" sizes=\"auto, (max-width: 1024px) 100vw, 1024px\" \/><\/div><div class=\"w-vwrapper usg_vwrapper_1 align_none valign_bottom\"><div class=\"w-post-elm post_content usg_post_content_1 has_text_color\"><section class=\"l-section wpb_row height_medium\"><div class=\"l-section-h i-cf\"><div class=\"g-cols vc_row via_flex valign_top type_default stacking_default\"><div class=\"vc_col-sm-12 wpb_column vc_column_container\"><div class=\"vc_column-inner\"><div class=\"wpb_wrapper\"><div class=\"wpb_text_column us_custom_70c06dd0\"><div class=\"wpb_wrapper\"><p><strong>Curso 2025-2026<\/strong><br \/>\n\u00a1Conoce nuestra oferta!<\/p>\n<\/div><\/div><\/div><\/div><\/div><\/div><\/div><\/section>\n<\/div><\/div>\t\t<\/div>\r\n\t\t\t<\/article>\r\n\t<article class=\"w-grid-item custom-link post-677 karrusela type-karrusela status-publish has-post-thumbnail hentry\" data-id=\"677\">\r\n\t\t<div class=\"w-grid-item-h\">\r\n\t\t\t\t\t\t\t<a href=\"https:\/\/baranain.ika.eus\/2024-25-ikasturtea\/\" aria-label><\/a>\r\n\t\t\t\t\t\t<div class=\"w-post-elm post_image usg_post_image_1 stretched\"><img loading=\"lazy\" decoding=\"async\" width=\"1024\" height=\"320\" src=\"https:\/\/baranain.ika.eus\/wp-content\/uploads\/sites\/3\/2024\/02\/Azala-1-1024x320.png\" class=\"attachment-large size-large wp-post-image\" alt=\"\" srcset=\"https:\/\/baranain.ika.eus\/wp-content\/uploads\/sites\/3\/2024\/02\/Azala-1-1024x320.png 1024w, https:\/\/baranain.ika.eus\/wp-content\/uploads\/sites\/3\/2024\/02\/Azala-1-300x94.png 300w, https:\/\/baranain.ika.eus\/wp-content\/uploads\/sites\/3\/2024\/02\/Azala-1.png 1920w\" sizes=\"auto, (max-width: 1024px) 100vw, 1024px\" \/><\/div><div class=\"w-vwrapper usg_vwrapper_1 align_none valign_bottom\"><\/div>\t\t<\/div>\r\n\t\t\t<\/article>\r\n<\/div><style id=\"grid-post-content-css\">.us_custom_70c06dd0{padding-top:15px!important;padding-bottom:15px!important;background:rgba(0,0,0,0.60)!important}<\/style><div class=\"w-grid-carousel-json hidden\" onclick='return {&quot;carousel_settings&quot;:{&quot;aria_labels&quot;:{&quot;prev&quot;:&quot;Anterior&quot;,&quot;next&quot;:&quot;Siguiente&quot;},&quot;autoplayContinual&quot;:false,&quot;autoplayHoverPause&quot;:false,&quot;autoplayTimeout&quot;:10000,&quot;autoWidth&quot;:false,&quot;smartSpeed&quot;:350,&quot;margin&quot;:0,&quot;mouseDrag&quot;:true,&quot;rtl&quot;:false,&quot;slideBy&quot;:&quot;1&quot;,&quot;touchDrag&quot;:true,&quot;slideTransition&quot;:&quot;&quot;,&quot;responsive&quot;:{&quot;0&quot;:{&quot;autoHeight&quot;:true,&quot;autoplay&quot;:true,&quot;autoWidth&quot;:false,&quot;center&quot;:false,&quot;dots&quot;:true,&quot;items&quot;:1,&quot;loop&quot;:true,&quot;nav&quot;:false,&quot;stagePadding&quot;:0,&quot;slideBy&quot;:&quot;1&quot;},&quot;601&quot;:{&quot;autoHeight&quot;:true,&quot;autoplay&quot;:true,&quot;autoWidth&quot;:false,&quot;center&quot;:false,&quot;dots&quot;:true,&quot;items&quot;:1,&quot;loop&quot;:true,&quot;nav&quot;:true,&quot;stagePadding&quot;:0,&quot;slideBy&quot;:&quot;1&quot;},&quot;1025&quot;:{&quot;autoHeight&quot;:true,&quot;autoplay&quot;:true,&quot;autoWidth&quot;:false,&quot;center&quot;:false,&quot;dots&quot;:true,&quot;items&quot;:1,&quot;loop&quot;:true,&quot;nav&quot;:true,&quot;stagePadding&quot;:0,&quot;slideBy&quot;:&quot;1&quot;},&quot;1381&quot;:{&quot;items&quot;:1,&quot;autoplay&quot;:true,&quot;center&quot;:false,&quot;dots&quot;:true,&quot;nav&quot;:true,&quot;autoHeight&quot;:true,&quot;autoWidth&quot;:false,&quot;loop&quot;:true,&quot;stagePadding&quot;:0}}}}'><\/div><\/div><\/div><\/div><\/div><\/div><\/div><\/section><section class=\"l-section wpb_row height_auto width_full\"><div class=\"l-section-h i-cf\"><div class=\"g-cols vc_row via_flex valign_top type_default stacking_default\"><div class=\"vc_col-sm-12 wpb_column vc_column_container\"><div class=\"vc_column-inner\"><div class=\"wpb_wrapper\"><div class=\"w-grid us_carousel hide_on_default hide_on_laptops hide_on_tablets type_carousel layout_636 overflow_hidden preload_style_spinner\" id=\"us_grid_2\"><style>.layout_636 .w-grid-item-h{background:#FFD500;border-radius:0.3rem;box-shadow:0 0.03rem 0.06rem rgba(0,0,0,0.1),0 0.1rem 0.3rem rgba(0,0,0,0.1);transition-duration:0.3s}.no-touch .layout_636 .w-grid-item-h:hover{box-shadow:0 0.12rem 0.24rem rgba(0,0,0,0.1),0 0.4rem 1.2rem rgba(0,0,0,0.15);z-index:4}.layout_636 .usg_post_image_1{transition-duration:0.3s;transform-origin:50% 50%;transform:scale(1) translate(0%,0%)}.layout_636 .w-grid-item-h:focus-within .usg_post_image_1,.layout_636 .w-grid-item-h:hover .usg_post_image_1{transform:scale(1.1) translate(0%,0%);opacity:1}.layout_636 .usg_vwrapper_1{position:absolute!important;left:0!important;bottom:0!important;right:0!important;background:linear-gradient(180deg,rgba(222,202,27,0.00),#ffd500)!important;padding:15% 7% 7% 7%!important}.layout_636 .usg_post_title_1{color:#ffffff!important;font-size:1.8rem!important;font-weight:700!important}.layout_636 .usg_post_content_1{color:#ffffff!important;text-align:center!important;line-height:1.1rem!important}.layout_636 .usg_vwrapper_2{padding:8%!important;background:rgba(34,34,34,0.78)!important}@media (max-width:600px){.layout_636 .usg_post_title_1{font-size:1.2rem!important}}<\/style><div class=\"w-grid-list owl-carousel valign_stretch dotstyle_circle navstyle_circle arrows-ver-pos_middle arrows-hor-pos_on_sides_inside arrows-disabled_hide owl-responsive-2000 autoheight with_dots with_arrows\" style=\"--transition-duration:350ms;--arrows-size:1.5rem;--arrows-hor-offset:calc(0px - 0px);--arrows-gap:10px;\">\t<article class=\"w-grid-item post-886 karrusela type-karrusela status-publish has-post-thumbnail hentry\" data-id=\"886\">\r\n\t\t<div class=\"w-grid-item-h\">\r\n\t\t\t\t\t\t\t<a href=\"https:\/\/baranain.ika.eus\/es\/curso-2025-2026\/\" class=\"w-grid-item-anchor\" aria-label=\"CURSO 2025-2026\"><\/a>\r\n\t\t\t\t\t\t<div class=\"w-post-elm post_image usg_post_image_1 has_ratio\"><img loading=\"lazy\" decoding=\"async\" width=\"1024\" height=\"347\" src=\"https:\/\/baranain.ika.eus\/wp-content\/uploads\/sites\/3\/2024\/09\/AF-Banner-web-ika-burutu-1024x347.png\" class=\"attachment-large size-large wp-post-image\" alt=\"\" \/><div style=\"padding-bottom:100%\"><\/div><\/div><div class=\"w-vwrapper usg_vwrapper_1 align_none valign_top\"><div class=\"w-vwrapper usg_vwrapper_2 align_none valign_top\"><h2 class=\"w-post-elm post_title usg_post_title_1 has_text_color align_center entry-title color_link_inherit\">CURSO 2025-2026<\/h2><div class=\"w-post-elm post_content usg_post_content_1 has_text_color\">Curso 2025-2026 \u00a1Conoce nuestra oferta!<\/div><\/div><\/div>\t\t<\/div>\r\n\t\t\t<\/article>\r\n\t<article class=\"w-grid-item custom-link post-677 karrusela type-karrusela status-publish has-post-thumbnail hentry\" data-id=\"677\">\r\n\t\t<div class=\"w-grid-item-h\">\r\n\t\t\t\t\t\t\t<a href=\"https:\/\/baranain.ika.eus\/2024-25-ikasturtea\/\" aria-label><\/a>\r\n\t\t\t\t\t\t<div class=\"w-post-elm post_image usg_post_image_1 has_ratio\"><img loading=\"lazy\" decoding=\"async\" width=\"1024\" height=\"320\" src=\"https:\/\/baranain.ika.eus\/wp-content\/uploads\/sites\/3\/2024\/02\/Azala-1-1024x320.png\" class=\"attachment-large size-large wp-post-image\" alt=\"\" \/><div style=\"padding-bottom:100%\"><\/div><\/div><div class=\"w-vwrapper usg_vwrapper_1 align_none valign_top\"><div class=\"w-vwrapper usg_vwrapper_2 align_none valign_top\"><h2 class=\"w-post-elm post_title usg_post_title_1 has_text_color align_center entry-title color_link_inherit\"><\/h2><\/div><\/div>\t\t<\/div>\r\n\t\t\t<\/article>\r\n<\/div><style id=\"grid-post-content-css\">.us_custom_70c06dd0{padding-top:15px!important;padding-bottom:15px!important;background:rgba(0,0,0,0.60)!important}<\/style><div class=\"w-grid-carousel-json hidden\" onclick='return {&quot;carousel_settings&quot;:{&quot;aria_labels&quot;:{&quot;prev&quot;:&quot;Anterior&quot;,&quot;next&quot;:&quot;Siguiente&quot;},&quot;autoplayContinual&quot;:false,&quot;autoplayHoverPause&quot;:false,&quot;autoplayTimeout&quot;:10000,&quot;autoWidth&quot;:false,&quot;smartSpeed&quot;:350,&quot;margin&quot;:0,&quot;mouseDrag&quot;:true,&quot;rtl&quot;:false,&quot;slideBy&quot;:&quot;1&quot;,&quot;touchDrag&quot;:true,&quot;slideTransition&quot;:&quot;&quot;,&quot;responsive&quot;:{&quot;0&quot;:{&quot;autoHeight&quot;:true,&quot;autoplay&quot;:true,&quot;autoWidth&quot;:false,&quot;center&quot;:false,&quot;dots&quot;:true,&quot;items&quot;:1,&quot;loop&quot;:true,&quot;nav&quot;:false,&quot;stagePadding&quot;:0,&quot;slideBy&quot;:&quot;1&quot;},&quot;601&quot;:{&quot;autoHeight&quot;:true,&quot;autoplay&quot;:true,&quot;autoWidth&quot;:false,&quot;center&quot;:false,&quot;dots&quot;:true,&quot;items&quot;:1,&quot;loop&quot;:true,&quot;nav&quot;:true,&quot;stagePadding&quot;:0,&quot;slideBy&quot;:&quot;1&quot;},&quot;1025&quot;:{&quot;autoHeight&quot;:true,&quot;autoplay&quot;:true,&quot;autoWidth&quot;:false,&quot;center&quot;:false,&quot;dots&quot;:true,&quot;items&quot;:1,&quot;loop&quot;:true,&quot;nav&quot;:true,&quot;stagePadding&quot;:0,&quot;slideBy&quot;:&quot;1&quot;},&quot;1381&quot;:{&quot;items&quot;:1,&quot;autoplay&quot;:true,&quot;center&quot;:false,&quot;dots&quot;:true,&quot;nav&quot;:true,&quot;autoHeight&quot;:true,&quot;autoWidth&quot;:false,&quot;loop&quot;:true,&quot;stagePadding&quot;:0}}}}'><\/div><\/div><\/div><\/div><\/div><\/div><\/div><\/section><section class=\"l-section wpb_row height_medium\"><div class=\"l-section-h i-cf\"><div class=\"g-cols vc_row via_flex valign_top type_default stacking_default\"><div class=\"vc_col-sm-4 wpb_column vc_column_container\"><div class=\"vc_column-inner\"><div class=\"wpb_wrapper\"><div class=\"w-vwrapper us_custom_ffca6c08 align_none valign_top\"><h2 class=\"w-text icon_atleft\"><span class=\"w-text-h\"><i class=\"fas fa-graduation-cap\"><\/i><span class=\"w-text-value\">Experiencia<\/span><\/span><\/h2><div class=\"wpb_text_column\"><div class=\"wpb_wrapper\"><p><span id=\"translation_box\" class=\"form-control-text textarea\" role=\"textbox\"><span class=\"Linkify\">Hace casi cinco d\u00e9cadas que ense\u00f1amos euskera a adultos en el euskaltegui Sahats, llevando algunos profesores m\u00e1s de 35 a\u00f1os en esta labor. Durante todos estos a\u00f1os varios miles de personas han aprendido euskera en nuestro centro.<\/span><\/span><\/p>\n<\/div><\/div><\/div><\/div><\/div><\/div><div class=\"vc_col-sm-4 wpb_column vc_column_container\"><div class=\"vc_column-inner\"><div class=\"wpb_wrapper\"><div class=\"w-vwrapper us_custom_ffca6c08 align_none valign_top\"><h2 class=\"w-text icon_atleft\"><span class=\"w-text-h\"><i class=\"fas fa-bullseye\"><\/i><span class=\"w-text-value\">Metodologia<\/span><\/span><\/h2><div class=\"wpb_text_column\"><div class=\"wpb_wrapper\"><p><span id=\"translation_box\" class=\"form-control-text textarea\" role=\"textbox\"><span class=\"Linkify\">El objetivo de nuestro euskaltegui es lograr el mayor n\u00famero de euskaldunes en el plazo m\u00e1s breve posible. Para conseguir este objetivo, utilizamos la metodolog\u00eda comunicativa para que nuestro alumnado cubra en euskera sus necesidades comunicativas m\u00e1s frecuentes en el d\u00eda a d\u00eda, pudiendo desenvolverse c\u00f3modamente y de forma adecuada en todos los \u00e1mbitos de la vida.<\/span><\/span><\/p>\n<\/div><\/div><\/div><\/div><\/div><\/div><div class=\"vc_col-sm-4 wpb_column vc_column_container\"><div class=\"vc_column-inner\"><div class=\"wpb_wrapper\"><div class=\"w-vwrapper us_custom_ffca6c08 align_none valign_top\"><h2 class=\"w-text icon_atleft\"><span class=\"w-text-h\"><i class=\"fas fa-books\"><\/i><span class=\"w-text-value\">Material<\/span><\/span><\/h2><div class=\"wpb_text_column\"><div class=\"wpb_wrapper\"><p><span id=\"translation_box\" class=\"form-control-text textarea\" role=\"textbox\"><span class=\"Linkify\">Los materiales y la programaci\u00f3n que utilizamos para dar clase han sido creados por IKA Iru\u00f1erria y son fruto de un trabajo did\u00e1ctico de m\u00e1s de 40 a\u00f1os.<\/span><\/span><\/p>\n<\/div><\/div><\/div><\/div><\/div><\/div><\/div><\/div><\/section><section class=\"l-section wpb_row height_small\"><div class=\"l-section-h i-cf\"><div class=\"g-cols vc_row via_flex valign_top type_default stacking_default\"><div class=\"vc_col-sm-12 wpb_column vc_column_container\"><div class=\"vc_column-inner\"><div class=\"wpb_wrapper\"><div class=\"w-vwrapper us_custom_ffca6c08 align_none valign_top\"><h2 class=\"w-text icon_atleft\"><span class=\"w-text-h\"><i class=\"fas fa-users\"><\/i><span class=\"w-text-value\">Actividad cultural<\/span><\/span><\/h2><div class=\"wpb_text_column\"><div class=\"wpb_wrapper\"><p><span class=\"Linkify\">Desde sus or\u00edgenes, el euskaltegui Sahats ha venido otorgando una importancia capital a la actividad cultural en euskera. Adem\u00e1s de una herramienta para acelerar el proceso de euskaldunizaci\u00f3n del alumnado y un acicate para seguir aprendiendo euskera, es un medio para que los y las euskaldunes podamos disfrutar de todo tipo de manifestaciones culturales en nuestra lengua. Aparte de actividades relacionadas con nuestras tradiciones y costumbres, el euskaltegui de Bara\u00f1\u00e1in ha organizado cientos de actividades culturales: conferencias, actuaciones musicales, proyecciones de pel\u00edculas, presentaciones de libros, mesas redondas, excursiones, visitas culturales\u2026 Porque en IKA ense\u00f1amos utilizando el euskera, para poder utilizar nuestra lengua en todos los \u00e1mbitos de la vida.<\/span><\/p>\n<\/div><\/div><\/div><\/div><\/div><\/div><\/div><\/div><\/section><section class=\"l-section wpb_row us_custom_9c90800e height_auto\"><div class=\"l-section-h i-cf\"><div class=\"g-cols vc_row via_flex valign_top type_default stacking_default\"><div class=\"vc_col-sm-12 wpb_column vc_column_container\"><div class=\"vc_column-inner\"><div class=\"wpb_wrapper\"><div class=\"w-separator size_large\"><\/div>[vc_custom_heading text=\u00bbNuestro euskaltegi\u00bb font_container=\u00bbtag:h2|text_align:center\u00bb use_theme_fonts=\u00bbyes\u00bb]<div class=\"w-separator size_medium\"><\/div><div class=\"g-cols wpb_row via_flex valign_top type_default stacking_default\"><div class=\"vc_col-sm-1\/5 wpb_column vc_column_container\"><div class=\"vc_column-inner\"><div class=\"wpb_wrapper\"><div class=\"w-ibanner us_custom_cf9a6ac1 has_text_color animation_nike ratio_1x1 easing_ease\"><a target=\"_blank\" title=\"Deskontuak eta dirulaguntzak\" href=\"https:\/\/baranain.ika.eus\/es\/matriculacion\/\" aria-label=\"Matriculaci\u00f3n\"><\/a><div class=\"w-ibanner-h\"><div class=\"w-ibanner-image\" style=\"background-image: url(https:\/\/baranain.ika.eus\/wp-content\/uploads\/sites\/3\/2024\/06\/Matrikulazio-argazkia-koloretan-1-1024x995.png)\"><\/div><div class=\"w-ibanner-content\"><div class=\"w-ibanner-content-h\"><h3 class=\"w-ibanner-title\" style=\"font-size:1.5rem;\">Matriculaci\u00f3n<\/h3><div class=\"w-ibanner-desc\"><\/div><\/div><\/div><\/div><\/div><\/div><\/div><\/div><div class=\"vc_col-sm-1\/5 wpb_column vc_column_container\"><div class=\"vc_column-inner\"><div class=\"wpb_wrapper\"><div class=\"w-ibanner us_custom_cf9a6ac1 has_text_color animation_nike ratio_1x1 easing_ease\"><a title=\"Deskontuak eta dirulaguntzak\" href=\"\/es\/ayudas-economicas\/\" aria-label=\"Ayudas econ\u00f3micas\"><\/a><div class=\"w-ibanner-h\"><div class=\"w-ibanner-image\" style=\"background-image: url(https:\/\/baranain.ika.eus\/wp-content\/uploads\/sites\/3\/2024\/03\/dirulaguntzak.jpg)\"><\/div><div class=\"w-ibanner-content\"><div class=\"w-ibanner-content-h\"><h3 class=\"w-ibanner-title\" style=\"font-size:1.5rem;\">Ayudas econ\u00f3micas<\/h3><div class=\"w-ibanner-desc\"><\/div><\/div><\/div><\/div><\/div><\/div><\/div><\/div><div class=\"vc_col-sm-1\/5 wpb_column vc_column_container\"><div class=\"vc_column-inner\"><div class=\"wpb_wrapper\"><div class=\"w-ibanner us_custom_cf9a6ac1 has_text_color animation_nike ratio_1x1 easing_ease\"><a title=\"Deskontuak eta dirulaguntzak\" href=\"\/es\/rincon-del-alumno\/\" aria-label=\"Rinc\u00f3n del alumno\"><\/a><div class=\"w-ibanner-h\"><div class=\"w-ibanner-image\" style=\"background-image: url(https:\/\/baranain.ika.eus\/wp-content\/uploads\/sites\/3\/2024\/03\/Ikaslearen-txokoa.png)\"><\/div><div class=\"w-ibanner-content\"><div class=\"w-ibanner-content-h\"><h3 class=\"w-ibanner-title\" style=\"font-size:1.5rem;\">Rinc\u00f3n del alumno<\/h3><div class=\"w-ibanner-desc\"><\/div><\/div><\/div><\/div><\/div><\/div><\/div><\/div><div class=\"vc_col-sm-1\/5 wpb_column vc_column_container\"><div class=\"vc_column-inner\"><div class=\"wpb_wrapper\"><div class=\"w-ibanner us_custom_cf9a6ac1 has_text_color animation_nike ratio_1x1 easing_ease\"><a title=\"Deskontuak eta dirulaguntzak\" href=\"\/es\/sahats\/\" aria-label=\"Fundaci\u00f3n Sahats\"><\/a><div class=\"w-ibanner-h\"><div class=\"w-ibanner-image\" style=\"background-image: url(https:\/\/baranain.ika.eus\/wp-content\/uploads\/sites\/3\/2024\/03\/Sahats-Fundazioa-1024x930.jpg)\"><\/div><div class=\"w-ibanner-content\"><div class=\"w-ibanner-content-h\"><h3 class=\"w-ibanner-title\" style=\"font-size:1.5rem;\">Fundaci\u00f3n Sahats<\/h3><div class=\"w-ibanner-desc\"><\/div><\/div><\/div><\/div><\/div><\/div><\/div><\/div><div class=\"vc_col-sm-1\/5 wpb_column vc_column_container\"><div class=\"vc_column-inner\"><div class=\"wpb_wrapper\"><div class=\"w-ibanner us_custom_cf9a6ac1 has_text_color animation_nike ratio_1x1 easing_ease\"><a title=\"Deskontuak eta dirulaguntzak\" href=\"\/es\/bai-euskarari\/\" aria-label=\"Bai euskarari\"><\/a><div class=\"w-ibanner-h\"><div class=\"w-ibanner-image\" style=\"background-image: url(https:\/\/baranain.ika.eus\/wp-content\/uploads\/sites\/3\/2024\/03\/Bai-Euskarari-1024x627.jpg)\"><\/div><div class=\"w-ibanner-content\"><div class=\"w-ibanner-content-h\"><h3 class=\"w-ibanner-title\" style=\"font-size:1.5rem;\">Bai euskarari<\/h3><div class=\"w-ibanner-desc\"><\/div><\/div><\/div><\/div><\/div><\/div><\/div><\/div><\/div><div class=\"w-separator size_large\"><\/div><\/div><\/div><\/div><\/div><\/div><\/section><section class=\"l-section wpb_row us_custom_fb2d9474 height_medium\"><div class=\"l-section-h i-cf\"><div class=\"g-cols vc_row via_flex valign_top type_default stacking_default\"><div class=\"vc_col-sm-1\/5 wpb_column vc_column_container\"><div class=\"vc_column-inner\"><div class=\"wpb_wrapper\"><div class=\"w-counter us_custom_6df4bc3a has_text_color color_primary align_center\" data-duration=\"0\"><div class=\"w-counter-value\"><span class=\"w-counter-value-part type_text\" data-final=\"\"><\/span><span class=\"w-counter-value-part type_number\" data-final=\"49\">1<\/span><span class=\"w-counter-value-part type_text\" data-final=\"\"><\/span><\/div><h6 class=\"w-counter-title\">A\u00f1os<\/h6><\/div><\/div><\/div><\/div><div class=\"vc_col-sm-1\/5 wpb_column vc_column_container\"><div class=\"vc_column-inner\"><div class=\"wpb_wrapper\"><div class=\"w-counter us_custom_6df4bc3a has_text_color color_primary align_center\" data-duration=\"0\"><div class=\"w-counter-value\"><span class=\"w-counter-value-part type_text\" data-final=\"\"><\/span><span class=\"w-counter-value-part type_number\" data-final=\"24\">24<\/span><span class=\"w-counter-value-part type_text\" data-final=\"\"><\/span><span class=\"w-counter-value-part type_number\" data-final=\"-25\">-25<\/span><span class=\"w-counter-value-part type_text\" data-final=\"\"><\/span><\/div><h6 class=\"w-counter-title\">Curso<\/h6><\/div><\/div><\/div><\/div><div class=\"vc_col-sm-1\/5 wpb_column vc_column_container\"><div class=\"vc_column-inner\"><div class=\"wpb_wrapper\"><div class=\"w-counter color_primary align_center\" data-duration=\"2\"><div class=\"w-counter-value\"><span class=\"w-counter-value-part type_text\" data-final=\"\"><\/span><span class=\"w-counter-value-part type_number\" data-final=\"133\">1<\/span><span class=\"w-counter-value-part type_text\" data-final=\"\"><\/span><\/div><h6 class=\"w-counter-title\">Alumnos<\/h6><\/div><\/div><\/div><\/div><div class=\"vc_col-sm-1\/5 wpb_column vc_column_container\"><div class=\"vc_column-inner\"><div class=\"wpb_wrapper\"><div class=\"w-counter us_custom_6df4bc3a has_text_color color_primary align_center\" data-duration=\"2\"><div class=\"w-counter-value\"><span class=\"w-counter-value-part type_text\" data-final=\"\"><\/span><span class=\"w-counter-value-part type_number\" data-final=\"6\">1<\/span><span class=\"w-counter-value-part type_text\" data-final=\"\"><\/span><\/div><h6 class=\"w-counter-title\">Profesores<\/h6><\/div><\/div><\/div><\/div><div class=\"vc_col-sm-1\/5 wpb_column vc_column_container\"><div class=\"vc_column-inner\"><div class=\"wpb_wrapper\"><div class=\"w-counter color_primary align_center\" data-duration=\"2\"><div class=\"w-counter-value\"><span class=\"w-counter-value-part type_text\" data-final=\"\"><\/span><span class=\"w-counter-value-part type_number\" data-final=\"333\">1<\/span><span class=\"w-counter-value-part type_text\" data-final=\"\"><\/span><\/div><h6 class=\"w-counter-title\">M2<\/h6><\/div><\/div><\/div><\/div><\/div><\/div><\/section><section class=\"l-section wpb_row us_custom_920c17ef height_medium\"><div class=\"l-section-h i-cf\"><div class=\"g-cols vc_row via_flex valign_top type_default stacking_default\"><div class=\"vc_col-sm-12 wpb_column vc_column_container\"><div class=\"vc_column-inner\"><div class=\"wpb_wrapper\">[vc_custom_heading text=\u00bbEuskaltegi Sahats de Bara\u00f1ain\u00bb use_theme_fonts=\u00bbyes\u00bb]<div class=\"w-separator size_medium\"><\/div><div class=\"g-cols wpb_row via_flex valign_top type_default stacking_default\"><div class=\"vc_col-sm-8 wpb_column vc_column_container\"><div class=\"vc_column-inner\"><div class=\"wpb_wrapper\"><div class=\"wpb_text_column\"><div class=\"wpb_wrapper\"><\/div><\/div>[vc_raw_html]JTVCaW5zdGFncmFtLWZlZWQlMjBmZWVkJTNEMSU1RA==[\/vc_raw_html]<\/div><\/div><\/div><div class=\"vc_col-sm-4 wpb_column vc_column_container has_bg_color\"><div class=\"vc_column-inner us_custom_d325b2fd\"><div class=\"wpb_wrapper\"><div class=\"wpb_text_column us_custom_d187d545\"><div class=\"wpb_wrapper\"><p>Sigue a IKA Bara\u00f1ain<br \/>\nen las redes<\/p>\n<\/div><\/div><div class=\"w-separator size_medium\"><\/div><div class=\"w-socials us_custom_67b6827d color_text shape_circle style_colored hover_fade\"><div class=\"w-socials-list\"><div class=\"w-socials-item instagram\"><a href=\"https:\/\/www.instagram.com\/sahatseuskaltegia\/\" class=\"w-socials-item-link\" aria-label=\"Instagram\"><span class=\"w-socials-item-link-hover\"><\/span><i class=\"fab fa-instagram\"><\/i><\/a><div class=\"w-socials-item-popup\"><span>Instagram<\/span><\/div><\/div><div class=\"w-socials-item facebook\"><a href=\"https:\/\/www.facebook.com\/ikabaranain\" class=\"w-socials-item-link\" aria-label=\"Facebook\"><span class=\"w-socials-item-link-hover\"><\/span><i class=\"fab fa-facebook\"><\/i><\/a><div class=\"w-socials-item-popup\"><span>Facebook<\/span><\/div><\/div><\/div><\/div><\/div><\/div><\/div><\/div><\/div><\/div><\/div><\/div><\/div><\/section>\n","protected":false},"excerpt":{"rendered":"","protected":false},"author":1,"featured_media":0,"parent":0,"menu_order":0,"comment_status":"closed","ping_status":"open","template":"","meta":{"_acf_changed":false,"footnotes":""},"class_list":["post-544","page","type-page","status-publish","hentry"],"acf":[],"_links":{"self":[{"href":"https:\/\/baranain.ika.eus\/es\/wp-json\/wp\/v2\/pages\/544","targetHints":{"allow":["GET"]}}],"collection":[{"href":"https:\/\/baranain.ika.eus\/es\/wp-json\/wp\/v2\/pages"}],"about":[{"href":"https:\/\/baranain.ika.eus\/es\/wp-json\/wp\/v2\/types\/page"}],"author":[{"embeddable":true,"href":"https:\/\/baranain.ika.eus\/es\/wp-json\/wp\/v2\/users\/1"}],"replies":[{"embeddable":true,"href":"https:\/\/baranain.ika.eus\/es\/wp-json\/wp\/v2\/comments?post=544"}],"version-history":[{"count":24,"href":"https:\/\/baranain.ika.eus\/es\/wp-json\/wp\/v2\/pages\/544\/revisions"}],"predecessor-version":[{"id":1065,"href":"https:\/\/baranain.ika.eus\/es\/wp-json\/wp\/v2\/pages\/544\/revisions\/1065"}],"wp:attachment":[{"href":"https:\/\/baranain.ika.eus\/es\/wp-json\/wp\/v2\/media?parent=544"}],"curies":[{"name":"wp","href":"https:\/\/api.w.org\/{rel}","templated":true}]}}